{"id":2503,"date":"2021-12-07T05:25:12","date_gmt":"2021-12-07T05:25:12","guid":{"rendered":"https:\/\/d-themes.com\/wordpress\/udesign\/dummy\/corporate\/?page_id=2503"},"modified":"2026-03-19T14:37:04","modified_gmt":"2026-03-19T14:37:04","slug":"thanks","status":"publish","type":"page","link":"https:\/\/geobl.pt\/en\/thanks\/","title":{"rendered":"Thank you"},"content":{"rendered":"<div data-elementor-type=\"wp-page\" data-elementor-id=\"2503\" class=\"elementor elementor-2503\">\n\t\t\t\t\t\t\t<div class=\"elementor-element elementor-element-33f850d e-flex e-con-boxed e-con e-parent\" data-id=\"33f850d\" data-element_type=\"container\" data-e-type=\"container\">\r\n\t\t\t\t\t\t\t<div class=\"e-con-inner\">\r\n\t\t\t\t\t\t\t<div class=\"elementor-element elementor-element-e96f7dc e-con-full e-flex e-con e-child\" data-id=\"e96f7dc\" data-element_type=\"container\" data-e-type=\"container\" data-settings=\"{&quot;background_background&quot;:&quot;classic&quot;}\">\r\n\t\t\t\t\t<div class=\"elementor-element elementor-element-28f3426 mb-2 elementor-invisible elementor-widget elementor-widget-heading\" data-id=\"28f3426\" data-element_type=\"widget\" data-e-type=\"widget\" data-settings=\"{&quot;_animation&quot;:&quot;fadeInUpShorter&quot;}\" data-widget_type=\"heading.default\">\n\t\t\t\t\t<h2 class=\"elementor-heading-title elementor-size-default\">Thank you for contacting us!<\/h2>\t\t\t\t<\/div>\n\t\t\t\t<div class=\"elementor-element elementor-element-4d96b26 elementor-invisible elementor-widget elementor-widget-heading\" data-id=\"4d96b26\" data-element_type=\"widget\" data-e-type=\"widget\" data-settings=\"{&quot;_animation&quot;:&quot;fadeInUpShorter&quot;,&quot;_animation_delay&quot;:600}\" data-widget_type=\"heading.default\">\n\t\t\t\t\t<p class=\"elementor-heading-title elementor-size-default\">Your message has been sent successfully and is already being analysed by our team.<br>\n\nWe'll get back to you as soon as possible so that we can deal with your request and provide you with all the support you need.\n<\/p>\t\t\t\t<\/div>\n\t\t\r\n\t\t\t<\/div>\r\n\t\t\t\t\t\t\t<\/div>\r\n\t\t\t\t\r\n\t\t\t<\/div>\r\n\t\t\t\t\t<\/div>","protected":false},"excerpt":{"rendered":"<p>Obrigado pelo seu contacto! A sua mensagem foi enviada com sucesso e j\u00e1 se encontra em an\u00e1lise pela nossa equipa. Iremos responder com a maior brevidade poss\u00edvel, de forma a dar seguimento ao seu pedido e prestar todo o apoio necess\u00e1rio.<\/p>","protected":false},"author":1,"featured_media":0,"parent":0,"menu_order":0,"comment_status":"closed","ping_status":"closed","template":"","meta":{"_acf_changed":false,"footnotes":""},"class_list":["post-2503","page","type-page","status-publish","hentry"],"acf":[],"yoast_head":"<!-- This site is optimized with the Yoast SEO plugin v27.1.1 - https:\/\/yoast.com\/product\/yoast-seo-wordpress\/ -->\n<title>Agradecimento - GeoBL<\/title>\n<meta name=\"description\" content=\"A GeoBL, Engenharia e Topografia Lda, localizada no Algarve, \u00e9 uma empresa direccionada para a presta\u00e7\u00e3o de todos os servi\u00e7os na \u00e1rea da topografia e em actividades de Engenharia e Arquitectura, em que a topografia seja necess\u00e1ria.\" \/>\n<meta name=\"robots\" content=\"index, follow, max-snippet:-1, max-image-preview:large, max-video-preview:-1\" \/>\n<link rel=\"canonical\" href=\"https:\/\/geobl.pt\/en\/thanks\/\" \/>\n<meta property=\"og:locale\" content=\"en_GB\" \/>\n<meta property=\"og:type\" content=\"article\" \/>\n<meta property=\"og:title\" content=\"Agradecimento - GeoBL\" \/>\n<meta property=\"og:description\" content=\"A GeoBL, Engenharia e Topografia Lda, localizada no Algarve, \u00e9 uma empresa direccionada para a presta\u00e7\u00e3o de todos os servi\u00e7os na \u00e1rea da topografia e em actividades de Engenharia e Arquitectura, em que a topografia seja necess\u00e1ria.\" \/>\n<meta property=\"og:url\" content=\"https:\/\/geobl.pt\/en\/thanks\/\" \/>\n<meta property=\"og:site_name\" content=\"GeoBL\" \/>\n<meta property=\"article:modified_time\" content=\"2026-03-19T14:37:04+00:00\" \/>\n<meta property=\"og:image\" content=\"https:\/\/geobl.pt\/wp-content\/uploads\/2026\/03\/cropped-Favicon-2.jpg\" \/>\n\t<meta property=\"og:image:width\" content=\"512\" \/>\n\t<meta property=\"og:image:height\" content=\"512\" \/>\n\t<meta property=\"og:image:type\" content=\"image\/jpeg\" \/>\n<meta name=\"twitter:card\" content=\"summary_large_image\" \/>\n<meta name=\"twitter:label1\" content=\"Estimated reading time\" \/>\n\t<meta name=\"twitter:data1\" content=\"1 minute\" \/>\n<script type=\"application\/ld+json\" class=\"yoast-schema-graph\">{\"@context\":\"https:\/\/schema.org\",\"@graph\":[{\"@type\":\"WebPage\",\"@id\":\"https:\/\/geobl.pt\/agradecimento\/\",\"url\":\"https:\/\/geobl.pt\/agradecimento\/\",\"name\":\"Agradecimento - GeoBL\",\"isPartOf\":{\"@id\":\"https:\/\/geobl.pt\/#website\"},\"datePublished\":\"2021-12-07T05:25:12+00:00\",\"dateModified\":\"2026-03-19T14:37:04+00:00\",\"description\":\"A GeoBL, Engenharia e Topografia Lda, localizada no Algarve, \u00e9 uma empresa direccionada para a presta\u00e7\u00e3o de todos os servi\u00e7os na \u00e1rea da topografia e em actividades de Engenharia e Arquitectura, em que a topografia seja necess\u00e1ria.\",\"breadcrumb\":{\"@id\":\"https:\/\/geobl.pt\/agradecimento\/#breadcrumb\"},\"inLanguage\":\"en-GB\",\"potentialAction\":[{\"@type\":\"ReadAction\",\"target\":[\"https:\/\/geobl.pt\/agradecimento\/\"]}]},{\"@type\":\"BreadcrumbList\",\"@id\":\"https:\/\/geobl.pt\/agradecimento\/#breadcrumb\",\"itemListElement\":[{\"@type\":\"ListItem\",\"position\":1,\"name\":\"In\u00edcio\",\"item\":\"https:\/\/geobl.pt\/\"},{\"@type\":\"ListItem\",\"position\":2,\"name\":\"Agradecimento\"}]},{\"@type\":\"WebSite\",\"@id\":\"https:\/\/geobl.pt\/#website\",\"url\":\"https:\/\/geobl.pt\/\",\"name\":\"GeoBL\",\"description\":\"\",\"publisher\":{\"@id\":\"https:\/\/geobl.pt\/#organization\"},\"potentialAction\":[{\"@type\":\"SearchAction\",\"target\":{\"@type\":\"EntryPoint\",\"urlTemplate\":\"https:\/\/geobl.pt\/?s={search_term_string}\"},\"query-input\":{\"@type\":\"PropertyValueSpecification\",\"valueRequired\":true,\"valueName\":\"search_term_string\"}}],\"inLanguage\":\"en-GB\"},{\"@type\":\"Organization\",\"@id\":\"https:\/\/geobl.pt\/#organization\",\"name\":\"GeoBL\",\"url\":\"https:\/\/geobl.pt\/\",\"logo\":{\"@type\":\"ImageObject\",\"inLanguage\":\"en-GB\",\"@id\":\"https:\/\/geobl.pt\/#\/schema\/logo\/image\/\",\"url\":\"https:\/\/geobl.pt\/wp-content\/uploads\/2026\/03\/cropped-Favicon-2.jpg\",\"contentUrl\":\"https:\/\/geobl.pt\/wp-content\/uploads\/2026\/03\/cropped-Favicon-2.jpg\",\"width\":512,\"height\":512,\"caption\":\"GeoBL\"},\"image\":{\"@id\":\"https:\/\/geobl.pt\/#\/schema\/logo\/image\/\"}}]}<\/script>\n<!-- \/ Yoast SEO plugin. -->","yoast_head_json":{"title":"Thank you - GeoBL","description":"GeoBL, Engenharia e Topografia Lda, located in the Algarve, is a company focused on providing all services in the area of topography and in engineering and architectural activities where topography is required.","robots":{"index":"index","follow":"follow","max-snippet":"max-snippet:-1","max-image-preview":"max-image-preview:large","max-video-preview":"max-video-preview:-1"},"canonical":"https:\/\/geobl.pt\/en\/thanks\/","og_locale":"en_GB","og_type":"article","og_title":"Agradecimento - GeoBL","og_description":"A GeoBL, Engenharia e Topografia Lda, localizada no Algarve, \u00e9 uma empresa direccionada para a presta\u00e7\u00e3o de todos os servi\u00e7os na \u00e1rea da topografia e em actividades de Engenharia e Arquitectura, em que a topografia seja necess\u00e1ria.","og_url":"https:\/\/geobl.pt\/en\/thanks\/","og_site_name":"GeoBL","article_modified_time":"2026-03-19T14:37:04+00:00","og_image":[{"width":512,"height":512,"url":"https:\/\/geobl.pt\/wp-content\/uploads\/2026\/03\/cropped-Favicon-2.jpg","type":"image\/jpeg"}],"twitter_card":"summary_large_image","twitter_misc":{"Estimated reading time":"1 minute"},"schema":{"@context":"https:\/\/schema.org","@graph":[{"@type":"WebPage","@id":"https:\/\/geobl.pt\/agradecimento\/","url":"https:\/\/geobl.pt\/agradecimento\/","name":"Thank you - GeoBL","isPartOf":{"@id":"https:\/\/geobl.pt\/#website"},"datePublished":"2021-12-07T05:25:12+00:00","dateModified":"2026-03-19T14:37:04+00:00","description":"GeoBL, Engenharia e Topografia Lda, located in the Algarve, is a company focused on providing all services in the area of topography and in engineering and architectural activities where topography is required.","breadcrumb":{"@id":"https:\/\/geobl.pt\/agradecimento\/#breadcrumb"},"inLanguage":"en-GB","potentialAction":[{"@type":"ReadAction","target":["https:\/\/geobl.pt\/agradecimento\/"]}]},{"@type":"BreadcrumbList","@id":"https:\/\/geobl.pt\/agradecimento\/#breadcrumb","itemListElement":[{"@type":"ListItem","position":1,"name":"In\u00edcio","item":"https:\/\/geobl.pt\/"},{"@type":"ListItem","position":2,"name":"Agradecimento"}]},{"@type":"WebSite","@id":"https:\/\/geobl.pt\/#website","url":"https:\/\/geobl.pt\/","name":"GeoBL","description":"","publisher":{"@id":"https:\/\/geobl.pt\/#organization"},"potentialAction":[{"@type":"SearchAction","target":{"@type":"EntryPoint","urlTemplate":"https:\/\/geobl.pt\/?s={search_term_string}"},"query-input":{"@type":"PropertyValueSpecification","valueRequired":true,"valueName":"search_term_string"}}],"inLanguage":"en-GB"},{"@type":"Organization","@id":"https:\/\/geobl.pt\/#organization","name":"GeoBL","url":"https:\/\/geobl.pt\/","logo":{"@type":"ImageObject","inLanguage":"en-GB","@id":"https:\/\/geobl.pt\/#\/schema\/logo\/image\/","url":"https:\/\/geobl.pt\/wp-content\/uploads\/2026\/03\/cropped-Favicon-2.jpg","contentUrl":"https:\/\/geobl.pt\/wp-content\/uploads\/2026\/03\/cropped-Favicon-2.jpg","width":512,"height":512,"caption":"GeoBL"},"image":{"@id":"https:\/\/geobl.pt\/#\/schema\/logo\/image\/"}}]}},"_links":{"self":[{"href":"https:\/\/geobl.pt\/en\/wp-json\/wp\/v2\/pages\/2503","targetHints":{"allow":["GET"]}}],"collection":[{"href":"https:\/\/geobl.pt\/en\/wp-json\/wp\/v2\/pages"}],"about":[{"href":"https:\/\/geobl.pt\/en\/wp-json\/wp\/v2\/types\/page"}],"author":[{"embeddable":true,"href":"https:\/\/geobl.pt\/en\/wp-json\/wp\/v2\/users\/1"}],"replies":[{"embeddable":true,"href":"https:\/\/geobl.pt\/en\/wp-json\/wp\/v2\/comments?post=2503"}],"version-history":[{"count":4,"href":"https:\/\/geobl.pt\/en\/wp-json\/wp\/v2\/pages\/2503\/revisions"}],"predecessor-version":[{"id":9741,"href":"https:\/\/geobl.pt\/en\/wp-json\/wp\/v2\/pages\/2503\/revisions\/9741"}],"wp:attachment":[{"href":"https:\/\/geobl.pt\/en\/wp-json\/wp\/v2\/media?parent=2503"}],"curies":[{"name":"wp","href":"https:\/\/api.w.org\/{rel}","templated":true}]}}